{"id":77,"date":"2022-10-17T11:16:16","date_gmt":"2022-10-17T09:16:16","guid":{"rendered":"https:\/\/annarylik.pl\/?page_id=77"},"modified":"2023-02-06T12:23:56","modified_gmt":"2023-02-06T11:23:56","slug":"fizjoterapia-uroginekologiczna","status":"publish","type":"page","link":"https:\/\/annarylik.pl\/?page_id=77","title":{"rendered":"FIZJOTERAPIA UROGINEKOLOGICZNA"},"content":{"rendered":"\n<h2 class=\"wp-block-heading\">PRZEBIEG PIERWSZEJ WIZYTY<\/h2>\n\n\n\n<div class=\"wp-block-columns is-layout-flex wp-container-core-columns-is-layout-9d6595d7 wp-block-columns-is-layout-flex\">\n<div class=\"wp-block-column is-layout-flow wp-block-column-is-layout-flow\" style=\"flex-basis:33.33%\"><div class=\"wp-block-image\">\n<figure class=\"aligncenter size-full\"><img loading=\"lazy\" decoding=\"async\" width=\"994\" height=\"622\" src=\"https:\/\/annarylik.pl\/wp-content\/uploads\/2022\/10\/uroginekologia.png\" alt=\"\" class=\"wp-image-105\" srcset=\"https:\/\/annarylik.pl\/wp-content\/uploads\/2022\/10\/uroginekologia.png 994w, https:\/\/annarylik.pl\/wp-content\/uploads\/2022\/10\/uroginekologia-300x188.png 300w, https:\/\/annarylik.pl\/wp-content\/uploads\/2022\/10\/uroginekologia-768x481.png 768w, https:\/\/annarylik.pl\/wp-content\/uploads\/2022\/10\/uroginekologia-96x60.png 96w\" sizes=\"auto, (max-width: 994px) 100vw, 994px\" \/><\/figure>\n<\/div><\/div>\n\n\n\n<div class=\"wp-block-column is-layout-flow wp-block-column-is-layout-flow\" style=\"flex-basis:66.66%\">\n<p class=\"has-text-align-justify\">Wizyta rozpoczyna si\u0119 od <strong>wywiadu<\/strong> <strong>diagnostycznego<\/strong>. \u00a0Pytania w wywiadzie obejmuj\u0105: g\u0142\u00f3wny problem\/ dolegliwo\u015bci, informacje dotycz\u0105ce ci\u0105\u017cy i porod\u00f3w, bolesne wsp\u00f3\u0142\u017cycie, miesi\u0105czki, dolegliwo\u015bci b\u00f3lowe w obr\u0119bie jamy brzusznej i inne oraz przebyte operacje\/ urazy. Warto ze sob\u0105 zabra\u0107 dokumentacj\u0119 medyczn\u0105.<\/p>\n<\/div>\n<\/div>\n\n\n\n<p class=\"has-text-align-justify\">Nast\u0119pnym krokiem b\u0119dzie wykonanie <strong>test\u00f3w funkcjonalnych<\/strong>. Tutaj ocenie podlega postawa cia\u0142a, napi\u0119cie pow\u0142ok brzusznych oraz w obr\u0119bie miednicy. Je\u017celi by\u0142y operacje\/ urazy to sprawdzana jest tak\u017ce blizna.<\/p>\n\n\n\n<p class=\"has-text-align-justify\">Po testach funkcjonalnych przechodzimy do kolejnego kroku, kt\u00f3rym jest <strong>badanie dopochwowe<\/strong>. Badanie wykonywane jest w pozycji le\u017cenia na plecach z ugi\u0119tymi nogami. Dla wi\u0119kszego komfortu pacjentki, w gabinecie zapewnione s\u0105 sp\u00f3dniczki ginekologiczne. Podczas badania sprawdzone zostan\u0105: blizny (np. po naci\u0119ciu krocza, operacjach ginekologicznych), napi\u0119cie mi\u0119\u015bni dna miednicy oraz ich funkcja, po\u0142o\u017cenie cewki moczowej i czy nie dosz\u0142o do obni\u017cenia narz\u0105d\u00f3w miednicy mniejszej.<\/p>\n\n\n\n<p class=\"has-text-align-justify\">Po badaniu, przechodzimy do <strong>postawienia diagnozy<\/strong> i <strong>zaplanowania indywidualnej terapii<\/strong> oraz om\u00f3wimy <strong>prawid\u0142owe nawyki dnia codziennego<\/strong>.<\/p>\n\n\n\n<h3 class=\"wp-block-heading\"><strong>Wskazania do terapii:<\/strong><\/h3>\n\n\n\n<ul class=\"wp-block-list\">\n<li>przygotowanie do porodu,<\/li>\n\n\n\n<li>bolesne wsp\u00f3\u0142\u017cycie,<\/li>\n\n\n\n<li>bolesne miesi\u0105czkowanie,<\/li>\n\n\n\n<li>dysfunkcje seksualne,<\/li>\n\n\n\n<li>nietrzymanie moczu \u2013 wysi\u0142kowe (np. podczas kichania, kaszlu, trening\u00f3w), p\u0119cherz nadaktywny, mieszane nietrzymanie moczu,<\/li>\n\n\n\n<li>przygotowanie do operacji\/ zabiegu uroginekologicznego,<\/li>\n\n\n\n<li>zaburzenia statyki narz\u0105du rodnego, obni\u017cenie narz\u0105d\u00f3w miednicy mniejszej,<\/li>\n\n\n\n<li>b\u00f3le w obr\u0119bie miednicy oraz kr\u0119gos\u0142upa,<\/li>\n\n\n\n<li>b\u00f3l w stawach krzy\u017cowo \u2013 biodrowych,<\/li>\n\n\n\n<li>blizna po cesarskim ci\u0119ciu, blizna krocza,<\/li>\n\n\n\n<li>kontrola poporodowa.<\/li>\n<\/ul>\n\n\n\n<p class=\"has-text-align-justify\">Wizyta podczas menstruacji jest mo\u017cliwa, jednak\u017ce, je\u015bli krwawienie jest obfite to zaleca si\u0119 wizyt\u0119 po jego ustaniu. Przeciwwskazaniem do terapii jest infekcja dr\u00f3g rodnych oraz p\u0119cherza moczowego.<\/p>\n","protected":false},"excerpt":{"rendered":"<p>PRZEBIEG PIERWSZEJ WIZYTY Wizyta rozpoczyna si\u0119 od wywiadu diagnostycznego. \u00a0Pytania w wywiadzie obejmuj\u0105: g\u0142\u00f3wny problem\/ dolegliwo\u015bci, informacje dotycz\u0105ce ci\u0105\u017cy i porod\u00f3w, bolesne wsp\u00f3\u0142\u017cycie, miesi\u0105czki, dolegliwo\u015bci b\u00f3lowe w obr\u0119bie jamy brzusznej &hellip; <\/p>\n","protected":false},"author":1,"featured_media":0,"parent":29,"menu_order":0,"comment_status":"closed","ping_status":"closed","template":"","meta":{"_editorskit_title_hidden":false,"_editorskit_reading_time":0,"_editorskit_is_block_options_detached":false,"_editorskit_block_options_position":"{}","footnotes":""},"class_list":["post-77","page","type-page","status-publish","hentry"],"_links":{"self":[{"href":"https:\/\/annarylik.pl\/index.php?rest_route=\/wp\/v2\/pages\/77","targetHints":{"allow":["GET"]}}],"collection":[{"href":"https:\/\/annarylik.pl\/index.php?rest_route=\/wp\/v2\/pages"}],"about":[{"href":"https:\/\/annarylik.pl\/index.php?rest_route=\/wp\/v2\/types\/page"}],"author":[{"embeddable":true,"href":"https:\/\/annarylik.pl\/index.php?rest_route=\/wp\/v2\/users\/1"}],"replies":[{"embeddable":true,"href":"https:\/\/annarylik.pl\/index.php?rest_route=%2Fwp%2Fv2%2Fcomments&post=77"}],"version-history":[{"count":5,"href":"https:\/\/annarylik.pl\/index.php?rest_route=\/wp\/v2\/pages\/77\/revisions"}],"predecessor-version":[{"id":172,"href":"https:\/\/annarylik.pl\/index.php?rest_route=\/wp\/v2\/pages\/77\/revisions\/172"}],"up":[{"embeddable":true,"href":"https:\/\/annarylik.pl\/index.php?rest_route=\/wp\/v2\/pages\/29"}],"wp:attachment":[{"href":"https:\/\/annarylik.pl\/index.php?rest_route=%2Fwp%2Fv2%2Fmedia&parent=77"}],"curies":[{"name":"wp","href":"https:\/\/api.w.org\/{rel}","templated":true}]}}