{"id":26,"date":"2022-10-17T08:34:29","date_gmt":"2022-10-17T06:34:29","guid":{"rendered":"https:\/\/annarylik.pl\/?page_id=26"},"modified":"2022-11-08T17:55:26","modified_gmt":"2022-11-08T16:55:26","slug":"o-nas","status":"publish","type":"page","link":"https:\/\/annarylik.pl\/?page_id=26","title":{"rendered":"O NAS"},"content":{"rendered":"\n<div class=\"wp-block-columns is-layout-flex wp-container-core-columns-is-layout-9d6595d7 wp-block-columns-is-layout-flex\">\n<div class=\"wp-block-column is-layout-flow wp-block-column-is-layout-flow\" style=\"flex-basis:33.33%\">\n<figure class=\"wp-block-image size-large is-style-default\"><img loading=\"lazy\" decoding=\"async\" width=\"682\" height=\"1024\" src=\"https:\/\/annarylik.pl\/wp-content\/uploads\/2022\/10\/Anna-Rylik-682x1024.jpg\" alt=\"\" class=\"wp-image-95\" srcset=\"https:\/\/annarylik.pl\/wp-content\/uploads\/2022\/10\/Anna-Rylik-682x1024.jpg 682w, https:\/\/annarylik.pl\/wp-content\/uploads\/2022\/10\/Anna-Rylik-200x300.jpg 200w, https:\/\/annarylik.pl\/wp-content\/uploads\/2022\/10\/Anna-Rylik-768x1154.jpg 768w, https:\/\/annarylik.pl\/wp-content\/uploads\/2022\/10\/Anna-Rylik-40x60.jpg 40w, https:\/\/annarylik.pl\/wp-content\/uploads\/2022\/10\/Anna-Rylik.jpg 1009w\" sizes=\"auto, (max-width: 682px) 100vw, 682px\" \/><\/figure>\n<\/div>\n\n\n\n<div class=\"wp-block-column is-layout-flow wp-block-column-is-layout-flow\" style=\"flex-basis:66.66%\">\n<p class=\"has-text-align-justify\">Nazywam si\u0119 Anna Rylik i jestem magistrem fizjoterapii. Posiadam prawo wykonywania zawodu fizjoterapeuty <br>o numerze 68261 zgodnie z ustaw\u0105 o zawodzie fizjoterapeuty. Swoj\u0105 drog\u0119 zawodow\u0105 jako fizjoterapeuta rozpocz\u0119\u0142am w 2016 roku studiuj\u0105c na kierunku fizjoterapii w Wy\u017cszej Szkole Rehabilitacji w Warszawie. Opr\u00f3cz codziennej nauki mia\u0142am okazj\u0119 odbywa\u0107 praktyki zawodowe i poszerza\u0107 swoj\u0105 wiedz\u0119 w wielu warszawskich plac\u00f3wkach medycznych pracuj\u0105c m.in. z pacjentami ortopedycznymi czy neurologicznymi.<\/p>\n<\/div>\n<\/div>\n\n\n\n<p>Uko\u0144czy\u0142am kursy mi\u0119dzy innymi z zakresu:<\/p>\n\n\n\n<ul class=\"wp-block-list\">\n<li>terapii manualnej,<\/li>\n\n\n\n<li>&nbsp;masa\u017cu tkanek g\u0142\u0119bokich w uj\u0119ciu klinicznym,<\/li>\n\n\n\n<li>neurodiagnostyki i terapii,<\/li>\n\n\n\n<li>terapii mi\u0119\u015bniowo \u2013 powi\u0119ziowej,<\/li>\n\n\n\n<li>kinesiotaping,<\/li>\n\n\n\n<li>pracy z blizn\u0105,<\/li>\n\n\n\n<li>kompleksowej fizjoterapii w uroginekologii,<\/li>\n\n\n\n<li>kompleksowej fizjoterapii w nietrzymaniu moczu i stolca oraz w obni\u017ceniach narz\u0105d\u00f3w miednicy mniejszej, bolesne miesi\u0105czkowanie i endometrioza \u2013 praktyka fizjoterapeutyczna,<\/li>\n\n\n\n<li>technik mi\u0119\u015bniowo \u2013 powi\u0119ziowych w dysfunkcjach uroginekologicznych,<\/li>\n\n\n\n<li>terapii w rozej\u015bciu mi\u0119\u015bnia prostego brzucha.<\/li>\n<\/ul>\n\n\n\n<p class=\"has-text-align-justify\">W swojej pracy, szukaj\u0105c przyczyn dysfunkcji, skupiam si\u0119 na ca\u0142ym ciele pacjenta oraz aspekcie emocjonalnym. \u0141\u0105cz\u0119 terapi\u0119 wisceraln\u0105 z terapi\u0105 manualn\u0105 i neurodiagnostyk\u0105, kt\u00f3ra pomaga mi znale\u017a\u0107 w ciele pacjenta obszary obci\u0105\u017caj\u0105ce uk\u0142ad nerwowy.<\/p>\n\n\n\n<p class=\"has-text-align-center\"><strong>Je\u015bli dokucza Ci przewlek\u0142y b\u00f3l, zm\u0119czenie, stres, problemy trzewne czy uroginekologiczne \u2013 zapraszam na wizyt\u0119. \ud83d\ude0a<\/strong><\/p>\n","protected":false},"excerpt":{"rendered":"<p>Nazywam si\u0119 Anna Rylik i jestem magistrem fizjoterapii. Posiadam prawo wykonywania zawodu fizjoterapeuty o numerze 68261 zgodnie z ustaw\u0105 o zawodzie fizjoterapeuty. Swoj\u0105 drog\u0119 zawodow\u0105 jako fizjoterapeuta rozpocz\u0119\u0142am w 2016 &hellip; <\/p>\n","protected":false},"author":1,"featured_media":0,"parent":0,"menu_order":0,"comment_status":"closed","ping_status":"closed","template":"","meta":{"_editorskit_title_hidden":false,"_editorskit_reading_time":1,"_editorskit_is_block_options_detached":false,"_editorskit_block_options_position":"{}","footnotes":""},"class_list":["post-26","page","type-page","status-publish","hentry"],"_links":{"self":[{"href":"https:\/\/annarylik.pl\/index.php?rest_route=\/wp\/v2\/pages\/26","targetHints":{"allow":["GET"]}}],"collection":[{"href":"https:\/\/annarylik.pl\/index.php?rest_route=\/wp\/v2\/pages"}],"about":[{"href":"https:\/\/annarylik.pl\/index.php?rest_route=\/wp\/v2\/types\/page"}],"author":[{"embeddable":true,"href":"https:\/\/annarylik.pl\/index.php?rest_route=\/wp\/v2\/users\/1"}],"replies":[{"embeddable":true,"href":"https:\/\/annarylik.pl\/index.php?rest_route=%2Fwp%2Fv2%2Fcomments&post=26"}],"version-history":[{"count":6,"href":"https:\/\/annarylik.pl\/index.php?rest_route=\/wp\/v2\/pages\/26\/revisions"}],"predecessor-version":[{"id":151,"href":"https:\/\/annarylik.pl\/index.php?rest_route=\/wp\/v2\/pages\/26\/revisions\/151"}],"wp:attachment":[{"href":"https:\/\/annarylik.pl\/index.php?rest_route=%2Fwp%2Fv2%2Fmedia&parent=26"}],"curies":[{"name":"wp","href":"https:\/\/api.w.org\/{rel}","templated":true}]}}