{"id":203,"date":"2025-09-30T11:56:21","date_gmt":"2025-09-30T09:56:21","guid":{"rendered":"https:\/\/annarylik.pl\/?page_id=203"},"modified":"2025-09-30T22:01:15","modified_gmt":"2025-09-30T20:01:15","slug":"zastosowanie-indiba-w-fizjoterapii","status":"publish","type":"page","link":"https:\/\/annarylik.pl\/?page_id=203","title":{"rendered":"Zastosowanie INDIBA\u00ae w fizjoterapii"},"content":{"rendered":"\n<div class=\"wp-block-columns is-layout-flex wp-container-core-columns-is-layout-9d6595d7 wp-block-columns-is-layout-flex\">\n<div class=\"wp-block-column is-layout-flow wp-block-column-is-layout-flow\"><div class=\"wp-block-image is-style-default\">\n<figure class=\"alignleft size-full is-resized\"><img decoding=\"async\" src=\"https:\/\/annarylik.pl\/wp-content\/uploads\/2025\/09\/fizjoterapia-1.png\" alt=\"\" class=\"wp-image-194\" style=\"width:380px\"\/><\/figure>\n<\/div><\/div>\n\n\n\n<div class=\"wp-block-column is-layout-flow wp-block-column-is-layout-flow\">\n<p class=\"has-text-align-center\"><br>Terapi\u0119 mo\u017cna stosowa\u0107 w dysfunkcjach narz\u0105du ruchu, poniewa\u017c przyspiesza fazy gojenia si\u0119 tkanek, zwi\u0119ksza drena\u017c i zmniejsza odczucia b\u00f3lowe. Technologia INDIBA\u00ae wykorzystywana jest zar\u00f3wno w leczeniu stan\u00f3w ostrych takich jak skr\u0119cenia, urazy \u015bci\u0119gien, st\u0142uczenia oraz w stanach przewlek\u0142ych jak problemy z kr\u0119gos\u0142upem czy stany zwyrodnieniowe staw\u00f3w obwodowych.<\/p>\n\n\n\n<p>&#8211; redukcja b\u00f3lu i stan\u00f3w zapalnych<br>&#8211; przyspieszenie zrostu kostnego<br>&#8211; terapia zatok<br>&#8211; fizjoterapia pourazowa i pooperacyjna<br>&#8211; przygotowanie do zabieg\u00f3w chirurgicznych<br>&#8211; regeneracja po wysi\u0142ku<br>&#8211; terapia blizn<br><\/p>\n<\/div>\n<\/div>\n\n\n\n<p><\/p>\n","protected":false},"excerpt":{"rendered":"<p>Terapi\u0119 mo\u017cna stosowa\u0107 w dysfunkcjach narz\u0105du ruchu, poniewa\u017c przyspiesza fazy gojenia si\u0119 tkanek, zwi\u0119ksza drena\u017c i zmniejsza odczucia b\u00f3lowe. Technologia INDIBA\u00ae wykorzystywana jest zar\u00f3wno w leczeniu stan\u00f3w ostrych takich jak &hellip; <\/p>\n","protected":false},"author":1,"featured_media":0,"parent":189,"menu_order":0,"comment_status":"closed","ping_status":"closed","template":"","meta":{"_editorskit_title_hidden":false,"_editorskit_reading_time":0,"_editorskit_is_block_options_detached":false,"_editorskit_block_options_position":"{}","footnotes":""},"class_list":["post-203","page","type-page","status-publish","hentry"],"_links":{"self":[{"href":"https:\/\/annarylik.pl\/index.php?rest_route=\/wp\/v2\/pages\/203","targetHints":{"allow":["GET"]}}],"collection":[{"href":"https:\/\/annarylik.pl\/index.php?rest_route=\/wp\/v2\/pages"}],"about":[{"href":"https:\/\/annarylik.pl\/index.php?rest_route=\/wp\/v2\/types\/page"}],"author":[{"embeddable":true,"href":"https:\/\/annarylik.pl\/index.php?rest_route=\/wp\/v2\/users\/1"}],"replies":[{"embeddable":true,"href":"https:\/\/annarylik.pl\/index.php?rest_route=%2Fwp%2Fv2%2Fcomments&post=203"}],"version-history":[{"count":19,"href":"https:\/\/annarylik.pl\/index.php?rest_route=\/wp\/v2\/pages\/203\/revisions"}],"predecessor-version":[{"id":252,"href":"https:\/\/annarylik.pl\/index.php?rest_route=\/wp\/v2\/pages\/203\/revisions\/252"}],"up":[{"embeddable":true,"href":"https:\/\/annarylik.pl\/index.php?rest_route=\/wp\/v2\/pages\/189"}],"wp:attachment":[{"href":"https:\/\/annarylik.pl\/index.php?rest_route=%2Fwp%2Fv2%2Fmedia&parent=203"}],"curies":[{"name":"wp","href":"https:\/\/api.w.org\/{rel}","templated":true}]}}