{"id":161,"date":"2023-01-16T20:10:51","date_gmt":"2023-01-16T19:10:51","guid":{"rendered":"https:\/\/annarylik.pl\/?page_id=161"},"modified":"2025-09-29T19:41:02","modified_gmt":"2025-09-29T17:41:02","slug":"vouchery","status":"publish","type":"page","link":"https:\/\/annarylik.pl\/?page_id=161","title":{"rendered":"VOUCHER"},"content":{"rendered":"\n<p><strong>Jak mog\u0119 naby\u0107 voucher?<\/strong><\/p>\n\n\n\n<p>Skontaktuj si\u0119 ze mn\u0105 telefonicznie +48 575 221 888, aby ustali\u0107 kwot\u0119 lub rodzaj zabiegu oraz imi\u0119 i nazwisko osoby obdarowywanej. Voucher b\u0119dzie do odbioru stacjonarnie w Gabinecie.<\/p>\n\n\n\n<p><strong>W jakim terminie nale\u017cy go zrealizowa\u0107?<\/strong><\/p>\n\n\n\n<p>Voucher b\u0119dzie wa\u017cny przez okres 3 miesi\u0119cy od daty zakupu.<\/p>\n\n\n\n<figure class=\"wp-block-gallery has-nested-images columns-default is-cropped wp-block-gallery-1 is-layout-flex wp-block-gallery-is-layout-flex\">\n<figure class=\"wp-block-image size-large is-style-default\"><img loading=\"lazy\" decoding=\"async\" width=\"1024\" height=\"825\" data-id=\"167\" src=\"https:\/\/annarylik.pl\/wp-content\/uploads\/2023\/01\/voucher-1-1024x825.jpg\" alt=\"\" class=\"wp-image-167\" srcset=\"https:\/\/annarylik.pl\/wp-content\/uploads\/2023\/01\/voucher-1-1024x825.jpg 1024w, https:\/\/annarylik.pl\/wp-content\/uploads\/2023\/01\/voucher-1-300x242.jpg 300w, https:\/\/annarylik.pl\/wp-content\/uploads\/2023\/01\/voucher-1-768x618.jpg 768w, https:\/\/annarylik.pl\/wp-content\/uploads\/2023\/01\/voucher-1-1536x1237.jpg 1536w, https:\/\/annarylik.pl\/wp-content\/uploads\/2023\/01\/voucher-1-2048x1649.jpg 2048w, https:\/\/annarylik.pl\/wp-content\/uploads\/2023\/01\/voucher-1-75x60.jpg 75w\" sizes=\"auto, (max-width: 1024px) 100vw, 1024px\" \/><\/figure>\n<\/figure>\n\n\n\n<p><\/p>\n","protected":false},"excerpt":{"rendered":"<p>Jak mog\u0119 naby\u0107 voucher? Skontaktuj si\u0119 ze mn\u0105 telefonicznie +48 575 221 888, aby ustali\u0107 kwot\u0119 lub rodzaj zabiegu oraz imi\u0119 i nazwisko osoby obdarowywanej. Voucher b\u0119dzie do odbioru stacjonarnie &hellip; <\/p>\n","protected":false},"author":1,"featured_media":0,"parent":0,"menu_order":0,"comment_status":"closed","ping_status":"closed","template":"","meta":{"_editorskit_title_hidden":false,"_editorskit_reading_time":0,"_editorskit_is_block_options_detached":false,"_editorskit_block_options_position":"{}","footnotes":""},"class_list":["post-161","page","type-page","status-publish","hentry"],"_links":{"self":[{"href":"https:\/\/annarylik.pl\/index.php?rest_route=\/wp\/v2\/pages\/161","targetHints":{"allow":["GET"]}}],"collection":[{"href":"https:\/\/annarylik.pl\/index.php?rest_route=\/wp\/v2\/pages"}],"about":[{"href":"https:\/\/annarylik.pl\/index.php?rest_route=\/wp\/v2\/types\/page"}],"author":[{"embeddable":true,"href":"https:\/\/annarylik.pl\/index.php?rest_route=\/wp\/v2\/users\/1"}],"replies":[{"embeddable":true,"href":"https:\/\/annarylik.pl\/index.php?rest_route=%2Fwp%2Fv2%2Fcomments&post=161"}],"version-history":[{"count":3,"href":"https:\/\/annarylik.pl\/index.php?rest_route=\/wp\/v2\/pages\/161\/revisions"}],"predecessor-version":[{"id":174,"href":"https:\/\/annarylik.pl\/index.php?rest_route=\/wp\/v2\/pages\/161\/revisions\/174"}],"wp:attachment":[{"href":"https:\/\/annarylik.pl\/index.php?rest_route=%2Fwp%2Fv2%2Fmedia&parent=161"}],"curies":[{"name":"wp","href":"https:\/\/api.w.org\/{rel}","templated":true}]}}